{"id":21784,"date":"2023-06-02T13:18:15","date_gmt":"2023-06-02T16:18:15","guid":{"rendered":"http:\/\/entrecielos.com.ar.ar.ar\/qr\/?page_id=21784"},"modified":"2026-04-13T14:45:39","modified_gmt":"2026-04-13T17:45:39","slug":"16-new-es-restaurant-tarde-de-te","status":"publish","type":"page","link":"https:\/\/entrecielos.com.ar\/qr\/16-new-es-restaurant-tarde-de-te\/","title":{"rendered":"16 NEW &#8211; ES &#8211; Restaurant &#8211; Tarde de t\u00e9"},"content":{"rendered":"\t\t<div data-elementor-type=\"wp-page\" data-elementor-id=\"21784\" class=\"elementor elementor-21784\" data-elementor-post-type=\"page\">\n\t\t\t\t\t\t<section data-particle_enable=\"false\" data-particle-mobile-disabled=\"false\" class=\"elementor-section elementor-top-section elementor-element elementor-element-047f440 elementor-section-height-min-height elementor-section-items-top elementor-section-boxed elementor-section-height-default\" data-id=\"047f440\" data-element_type=\"section\" data-e-type=\"section\" data-settings=\"{&quot;background_background&quot;:&quot;classic&quot;,&quot;motion_fx_motion_fx_scrolling&quot;:&quot;yes&quot;,&quot;animation&quot;:&quot;none&quot;,&quot;motion_fx_devices&quot;:[&quot;desktop&quot;,&quot;tablet&quot;,&quot;mobile&quot;]}\">\n\t\t\t\t\t\t\t<div class=\"elementor-background-overlay\"><\/div>\n\t\t\t\t\t\t\t<div class=\"elementor-container elementor-column-gap-default\">\n\t\t\t\t\t<div class=\"elementor-column elementor-col-100 elementor-top-column elementor-element elementor-element-0bcd1e2\" data-id=\"0bcd1e2\" data-element_type=\"column\" data-e-type=\"column\">\n\t\t\t<div class=\"elementor-widget-wrap elementor-element-populated\">\n\t\t\t\t\t\t<section data-particle_enable=\"false\" data-particle-mobile-disabled=\"false\" class=\"elementor-section elementor-inner-section elementor-element elementor-element-dee4e3b elementor-section-boxed elementor-section-height-default elementor-section-height-default\" data-id=\"dee4e3b\" data-element_type=\"section\" data-e-type=\"section\">\n\t\t\t\t\t\t<div class=\"elementor-container elementor-column-gap-default\">\n\t\t\t\t\t<div class=\"elementor-column elementor-col-100 elementor-inner-column elementor-element elementor-element-f78f4c8\" data-id=\"f78f4c8\" data-element_type=\"column\" data-e-type=\"column\">\n\t\t\t<div class=\"elementor-widget-wrap elementor-element-populated\">\n\t\t\t\t<div data-particle_enable=\"false\" data-particle-mobile-disabled=\"false\" class=\"elementor-element elementor-element-6cffbc7 e-flex e-con-boxed e-con e-parent\" data-id=\"6cffbc7\" data-element_type=\"container\" data-e-type=\"container\">\n\t\t\t\t\t<div class=\"e-con-inner\">\n\t\t\t\t\t<\/div>\n\t\t\t\t<\/div>\n\t\t\t\t\t<\/div>\n\t\t<\/div>\n\t\t\t\t\t<\/div>\n\t\t<\/section>\n\t\t\t\t<section data-particle_enable=\"false\" data-particle-mobile-disabled=\"false\" class=\"elementor-section elementor-inner-section elementor-element elementor-element-c41c1d9 elementor-section-boxed elementor-section-height-default elementor-section-height-default\" data-id=\"c41c1d9\" data-element_type=\"section\" data-e-type=\"section\" data-settings=\"{&quot;background_background&quot;:&quot;classic&quot;}\">\n\t\t\t\t\t\t<div class=\"elementor-container elementor-column-gap-default\">\n\t\t\t\t\t<div class=\"elementor-column elementor-col-100 elementor-inner-column elementor-element elementor-element-1b2cfda\" data-id=\"1b2cfda\" data-element_type=\"column\" data-e-type=\"column\">\n\t\t\t<div class=\"elementor-widget-wrap elementor-element-populated\">\n\t\t\t\t\t\t<div class=\"elementor-element elementor-element-068fa1b elementor-widget elementor-widget-heading\" data-id=\"068fa1b\" data-element_type=\"widget\" data-e-type=\"widget\" data-widget_type=\"heading.default\">\n\t\t\t\t\t<h2 class=\"elementor-heading-title elementor-size-default\">TARDE DE T\u00c9<\/h2>\t\t\t\t<\/div>\n\t\t\t\t<div class=\"elementor-element elementor-element-17a6e38 elementor-widget elementor-widget-text-editor\" data-id=\"17a6e38\" data-element_type=\"widget\" data-e-type=\"widget\" data-widget_type=\"text-editor.default\">\n\t\t\t\t\t\t\t\t\t<p style=\"text-align: center;\">Lunes a domingos 16.00 a 19.00 hs.<\/p><p style=\"text-align: center;\"><strong style=\"background-color: rgba(222, 212, 203, 0);\">Solo con reserva previa<\/strong><\/p><p style=\"text-align: center;\"><em style=\"background-color: rgba(222, 212, 203, 0);\">Si precisa opci\u00f3n sin gluten, solicitar con anticipaci\u00f3n<\/em><\/p>\t\t\t\t\t\t\t\t<\/div>\n\t\t\t\t<div class=\"elementor-element elementor-element-402ac4f elementor-widget elementor-widget-text-editor\" data-id=\"402ac4f\" data-element_type=\"widget\" data-e-type=\"widget\" data-widget_type=\"text-editor.default\">\n\t\t\t\t\t\t\t\t\t<p style=\"text-align: center;\">Valor: $50.000 por persona<\/p>\t\t\t\t\t\t\t\t<\/div>\n\t\t\t\t\t<\/div>\n\t\t<\/div>\n\t\t\t\t\t<\/div>\n\t\t<\/section>\n\t\t\t\t<section data-particle_enable=\"false\" data-particle-mobile-disabled=\"false\" class=\"elementor-section elementor-inner-section elementor-element elementor-element-fc9ba2b elementor-section-boxed elementor-section-height-default elementor-section-height-default\" data-id=\"fc9ba2b\" data-element_type=\"section\" data-e-type=\"section\">\n\t\t\t\t\t\t<div class=\"elementor-container elementor-column-gap-default\">\n\t\t\t\t\t<div class=\"elementor-column elementor-col-100 elementor-inner-column elementor-element elementor-element-aa70666\" data-id=\"aa70666\" data-element_type=\"column\" data-e-type=\"column\">\n\t\t\t<div class=\"elementor-widget-wrap elementor-element-populated\">\n\t\t\t\t\t\t<div class=\"elementor-element elementor-element-f79f748 elementor-widget elementor-widget-heading\" data-id=\"f79f748\" data-element_type=\"widget\" data-e-type=\"widget\" data-widget_type=\"heading.default\">\n\t\t\t\t\t<h2 class=\"elementor-heading-title elementor-size-default\">Dulces<\/h2>\t\t\t\t<\/div>\n\t\t\t\t<div class=\"elementor-element elementor-element-180b009 elementor-widget__width-initial elementor-widget elementor-widget-text-editor\" data-id=\"180b009\" data-element_type=\"widget\" data-e-type=\"widget\" data-widget_type=\"text-editor.default\">\n\t\t\t\t\t\t\t\t\t<p>Marquise sin TACC, caramelo salado, crema de alfajor, pistachos y frambuesas<br>Tartaleta de peras y frangipane, chocolate blanco y avellanas<br>Parfait de man\u00ed, dulce de leche y coquito<br>Citric pie, merengue de hibiscus, sabl\u00e9 de lim\u00f3n, frutas de estaci\u00f3n y crema chantilly<\/p>\t\t\t\t\t\t\t\t<\/div>\n\t\t\t\t<div class=\"elementor-element elementor-element-c2e48ca elementor-widget elementor-widget-heading\" data-id=\"c2e48ca\" data-element_type=\"widget\" data-e-type=\"widget\" data-widget_type=\"heading.default\">\n\t\t\t\t\t<h2 class=\"elementor-heading-title elementor-size-default\">Salados<\/h2>\t\t\t\t<\/div>\n\t\t\t\t<div class=\"elementor-element elementor-element-a32d53f elementor-widget__width-initial elementor-widget-mobile__width-initial elementor-widget elementor-widget-text-editor\" data-id=\"a32d53f\" data-element_type=\"widget\" data-e-type=\"widget\" data-widget_type=\"text-editor.default\">\n\t\t\t\t\t\t\t\t\t<p>&nbsp;Medialuna con lomito ahumado y queso<br>Scon, mermelada de estaci\u00f3n y queso crema<br>Focaccia, jam\u00f3n crudo, r\u00facula y hummus<br>Pan brioche, salm\u00f3n ahumado y palta<\/p>\t\t\t\t\t\t\t\t<\/div>\n\t\t\t\t<div class=\"elementor-element elementor-element-8489b36 elementor-widget elementor-widget-heading\" data-id=\"8489b36\" data-element_type=\"widget\" data-e-type=\"widget\" data-widget_type=\"heading.default\">\n\t\t\t\t\t<h2 class=\"elementor-heading-title elementor-size-default\">Para Beber<\/h2>\t\t\t\t<\/div>\n\t\t\t\t<div class=\"elementor-element elementor-element-8c779df elementor-widget__width-initial elementor-widget-mobile__width-initial elementor-widget elementor-widget-text-editor\" data-id=\"8c779df\" data-element_type=\"widget\" data-e-type=\"widget\" data-widget_type=\"text-editor.default\">\n\t\t\t\t\t\t\t\t\t<p style=\"text-align: center;\">Jugo natural de naranja o pomelo (1)<\/p><p style=\"text-align: center;\">Copa de Espumante<\/p><p style=\"text-align: center;\">Caf\u00e9 Bruno Brown o Infusi\u00f3n (1)<\/p><p style=\"text-align: center;\">Aguas con gas y sin gas<\/p>\t\t\t\t\t\t\t\t<\/div>\n\t\t\t\t\t<\/div>\n\t\t<\/div>\n\t\t\t\t\t<\/div>\n\t\t<\/section>\n\t\t\t\t<section data-particle_enable=\"false\" data-particle-mobile-disabled=\"false\" class=\"elementor-section elementor-inner-section elementor-element elementor-element-0126664 elementor-section-boxed elementor-section-height-default elementor-section-height-default\" data-id=\"0126664\" data-element_type=\"section\" data-e-type=\"section\">\n\t\t\t\t\t\t<div class=\"elementor-container elementor-column-gap-default\">\n\t\t\t\t\t<div class=\"elementor-column elementor-col-100 elementor-inner-column elementor-element elementor-element-e8a2ff0\" data-id=\"e8a2ff0\" data-element_type=\"column\" data-e-type=\"column\">\n\t\t\t<div class=\"elementor-widget-wrap elementor-element-populated\">\n\t\t\t\t\t\t<div class=\"elementor-element elementor-element-ab0a728 elementor-widget__width-initial elementor-widget elementor-widget-eael-creative-button\" data-id=\"ab0a728\" data-element_type=\"widget\" data-e-type=\"widget\" data-widget_type=\"eael-creative-button.default\">\n\t\t\t\t\t        <div class=\"eael-creative-button-wrapper\">\n\n            <a class=\"eael-creative-button eael-creative-button--default eael-cb-icon-position-left\" href=\"https:\/\/wa.me\/5492616833616\" target=\"_blank\" data-text=\"\">\n            \t    \n                <div class=\"creative-button-inner\">\n\n                                            <span class=\"eael-creative-button-icon-left\"><svg aria-hidden=\"true\" class=\"e-font-icon-svg e-fab-whatsapp\" viewBox=\"0 0 448 512\" xmlns=\"http:\/\/www.w3.org\/2000\/svg\"><path d=\"M380.9 97.1C339 55.1 283.2 32 223.9 32c-122.4 0-222 99.6-222 222 0 39.1 10.2 77.3 29.6 111L0 480l117.7-30.9c32.4 17.7 68.9 27 106.1 27h.1c122.3 0 224.1-99.6 224.1-222 0-59.3-25.2-115-67.1-157zm-157 341.6c-33.2 0-65.7-8.9-94-25.7l-6.7-4-69.8 18.3L72 359.2l-4.4-7c-18.5-29.4-28.2-63.3-28.2-98.2 0-101.7 82.8-184.5 184.6-184.5 49.3 0 95.6 19.2 130.4 54.1 34.8 34.9 56.2 81.2 56.1 130.5 0 101.8-84.9 184.6-186.6 184.6zm101.2-138.2c-5.5-2.8-32.8-16.2-37.9-18-5.1-1.9-8.8-2.8-12.5 2.8-3.7 5.6-14.3 18-17.6 21.8-3.2 3.7-6.5 4.2-12 1.4-32.6-16.3-54-29.1-75.5-66-5.7-9.8 5.7-9.1 16.3-30.3 1.8-3.7.9-6.9-.5-9.7-1.4-2.8-12.5-30.1-17.1-41.2-4.5-10.8-9.1-9.3-12.5-9.5-3.2-.2-6.9-.2-10.6-.2-3.7 0-9.7 1.4-14.8 6.9-5.1 5.6-19.4 19-19.4 46.3 0 27.3 19.9 53.7 22.6 57.4 2.8 3.7 39.1 59.7 94.8 83.8 35.2 15.2 49 16.5 66.6 13.9 10.7-1.6 32.8-13.4 37.4-26.4 4.6-13 4.6-24.1 3.2-26.4-1.3-2.5-5-3.9-10.5-6.6z\"><\/path><\/svg><\/span>                    \n                    <span class=\"cretive-button-text\">Reservar<\/span>\n\n                                    <\/div>\n\t                        <\/a>\n        <\/div>\n        \t\t\t\t<\/div>\n\t\t\t\t\t<\/div>\n\t\t<\/div>\n\t\t\t\t\t<\/div>\n\t\t<\/section>\n\t\t\t\t<section data-particle_enable=\"false\" data-particle-mobile-disabled=\"false\" class=\"elementor-section elementor-inner-section elementor-element elementor-element-317f230 elementor-section-full_width elementor-section-height-min-height elementor-section-content-middle elementor-section-height-default\" data-id=\"317f230\" data-element_type=\"section\" data-e-type=\"section\" data-settings=\"{&quot;background_background&quot;:&quot;classic&quot;,&quot;sticky&quot;:&quot;top&quot;,&quot;sticky_on&quot;:[&quot;desktop&quot;,&quot;tablet&quot;,&quot;mobile&quot;],&quot;sticky_offset&quot;:0,&quot;sticky_effects_offset&quot;:0,&quot;sticky_anchor_link_offset&quot;:0}\">\n\t\t\t\t\t\t<div class=\"elementor-container elementor-column-gap-default\">\n\t\t\t\t\t<div class=\"elementor-column elementor-col-100 elementor-inner-column elementor-element elementor-element-fa47ff6\" data-id=\"fa47ff6\" data-element_type=\"column\" data-e-type=\"column\" data-settings=\"{&quot;background_background&quot;:&quot;classic&quot;}\">\n\t\t\t<div class=\"elementor-widget-wrap elementor-element-populated\">\n\t\t\t\t\t\t<div class=\"elementor-element elementor-element-d157763 elementor-icon-list--layout-inline elementor-align-center boton_volver elementor-widget__width-auto elementor-list-item-link-full_width elementor-widget elementor-widget-icon-list\" data-id=\"d157763\" data-element_type=\"widget\" data-e-type=\"widget\" data-widget_type=\"icon-list.default\">\n\t\t\t\t\t\t\t<ul class=\"elementor-icon-list-items elementor-inline-items\">\n\t\t\t\t\t\t\t<li class=\"elementor-icon-list-item elementor-inline-item\">\n\t\t\t\t\t\t\t\t\t\t\t<a href=\"#\">\n\n\t\t\t\t\t\t\t\t\t\t\t\t<span class=\"elementor-icon-list-icon\">\n\t\t\t\t\t\t\t<svg aria-hidden=\"true\" class=\"e-font-icon-svg e-fas-caret-left\" viewBox=\"0 0 192 512\" xmlns=\"http:\/\/www.w3.org\/2000\/svg\"><path d=\"M192 127.338v257.324c0 17.818-21.543 26.741-34.142 14.142L29.196 270.142c-7.81-7.81-7.81-20.474 0-28.284l128.662-128.662c12.599-12.6 34.142-3.676 34.142 14.142z\"><\/path><\/svg>\t\t\t\t\t\t<\/span>\n\t\t\t\t\t\t\t\t\t\t<span class=\"elementor-icon-list-text\">Volver | Back<\/span>\n\t\t\t\t\t\t\t\t\t\t\t<\/a>\n\t\t\t\t\t\t\t\t\t<\/li>\n\t\t\t\t\t\t<\/ul>\n\t\t\t\t\t\t<\/div>\n\t\t\t\t<div class=\"elementor-element elementor-element-83861f5 elementor-icon-list--layout-inline elementor-align-center elementor-widget__width-auto boton_scroll_top elementor-list-item-link-full_width elementor-widget elementor-widget-icon-list\" data-id=\"83861f5\" data-element_type=\"widget\" data-e-type=\"widget\" data-widget_type=\"icon-list.default\">\n\t\t\t\t\t\t\t<ul class=\"elementor-icon-list-items elementor-inline-items\">\n\t\t\t\t\t\t\t<li class=\"elementor-icon-list-item elementor-inline-item\">\n\t\t\t\t\t\t\t\t\t\t\t<a href=\"#\">\n\n\t\t\t\t\t\t\t\t\t\t\t\t<span class=\"elementor-icon-list-icon\">\n\t\t\t\t\t\t\t<svg aria-hidden=\"true\" class=\"e-font-icon-svg e-fas-caret-up\" viewBox=\"0 0 320 512\" xmlns=\"http:\/\/www.w3.org\/2000\/svg\"><path d=\"M288.662 352H31.338c-17.818 0-26.741-21.543-14.142-34.142l128.662-128.662c7.81-7.81 20.474-7.81 28.284 0l128.662 128.662c12.6 12.599 3.676 34.142-14.142 34.142z\"><\/path><\/svg>\t\t\t\t\t\t<\/span>\n\t\t\t\t\t\t\t\t\t\t<span class=\"elementor-icon-list-text\">Subir | Top<\/span>\n\t\t\t\t\t\t\t\t\t\t\t<\/a>\n\t\t\t\t\t\t\t\t\t<\/li>\n\t\t\t\t\t\t<\/ul>\n\t\t\t\t\t\t<\/div>\n\t\t\t\t\t<\/div>\n\t\t<\/div>\n\t\t\t\t\t<\/div>\n\t\t<\/section>\n\t\t\t\t\t<\/div>\n\t\t<\/div>\n\t\t\t\t\t<\/div>\n\t\t<\/section>\n\t\t\t\t<\/div>\n\t\t","protected":false},"excerpt":{"rendered":"<p>TARDE DE T\u00c9 Lunes a domingos 16.00 a 19.00 hs. Solo con reserva previa Si precisa opci\u00f3n sin gluten, solicitar con anticipaci\u00f3n Valor: $50.000 por persona Dulces Marquise sin TACC, caramelo salado, crema de alfajor, pistachos y frambuesasTartaleta de peras y frangipane, chocolate blanco y avellanasParfait de man\u00ed, dulce de leche y coquitoCitric pie, merengue [&hellip;]<\/p>\n","protected":false},"author":10,"featured_media":0,"parent":0,"menu_order":0,"comment_status":"closed","ping_status":"closed","template":"elementor_header_footer","meta":{"footnotes":""},"class_list":["post-21784","page","type-page","status-publish","hentry"],"yoast_head":"<!-- This site is optimized with the Yoast SEO plugin v27.4 - https:\/\/yoast.com\/product\/yoast-seo-wordpress\/ -->\n<title>16 NEW - ES - Restaurant - Tarde de t\u00e9 - Entre Cielos<\/title>\n<meta name=\"robots\" content=\"noindex, follow, max-snippet:-1, max-image-preview:large, max-video-preview:-1\" \/>\n<meta property=\"og:locale\" content=\"es_ES\" \/>\n<meta property=\"og:type\" content=\"article\" \/>\n<meta property=\"og:title\" content=\"16 NEW - ES - Restaurant - Tarde de t\u00e9 - Entre Cielos\" \/>\n<meta property=\"og:description\" content=\"TARDE DE T\u00c9 Lunes a domingos 16.00 a 19.00 hs. Solo con reserva previa Si precisa opci\u00f3n sin gluten, solicitar con anticipaci\u00f3n Valor: $50.000 por persona Dulces Marquise sin TACC, caramelo salado, crema de alfajor, pistachos y frambuesasTartaleta de peras y frangipane, chocolate blanco y avellanasParfait de man\u00ed, dulce de leche y coquitoCitric pie, merengue [&hellip;]\" \/>\n<meta property=\"og:url\" content=\"https:\/\/entrecielos.com.ar\/qr\/16-new-es-restaurant-tarde-de-te\/\" \/>\n<meta property=\"og:site_name\" content=\"Entre Cielos\" \/>\n<meta property=\"article:modified_time\" content=\"2026-04-13T17:45:39+00:00\" \/>\n<meta name=\"twitter:card\" content=\"summary_large_image\" \/>\n<meta name=\"twitter:label1\" content=\"Tiempo de lectura\" \/>\n\t<meta name=\"twitter:data1\" content=\"1 minuto\" \/>\n<script type=\"application\/ld+json\" class=\"yoast-schema-graph\">{\"@context\":\"https:\\\/\\\/schema.org\",\"@graph\":[{\"@type\":\"WebPage\",\"@id\":\"https:\\\/\\\/entrecielos.com.ar\\\/qr\\\/16-new-es-restaurant-tarde-de-te\\\/\",\"url\":\"https:\\\/\\\/entrecielos.com.ar\\\/qr\\\/16-new-es-restaurant-tarde-de-te\\\/\",\"name\":\"16 NEW - ES - Restaurant - Tarde de t\u00e9 - Entre Cielos\",\"isPartOf\":{\"@id\":\"https:\\\/\\\/entrecielos.com.ar\\\/qr\\\/#website\"},\"datePublished\":\"2023-06-02T16:18:15+00:00\",\"dateModified\":\"2026-04-13T17:45:39+00:00\",\"inLanguage\":\"es\",\"potentialAction\":[{\"@type\":\"ReadAction\",\"target\":[\"https:\\\/\\\/entrecielos.com.ar\\\/qr\\\/16-new-es-restaurant-tarde-de-te\\\/\"]}]},{\"@type\":\"WebSite\",\"@id\":\"https:\\\/\\\/entrecielos.com.ar\\\/qr\\\/#website\",\"url\":\"https:\\\/\\\/entrecielos.com.ar\\\/qr\\\/\",\"name\":\"Entre Cielos\",\"description\":\"Wine &amp; Wellness Hotel\",\"publisher\":{\"@id\":\"https:\\\/\\\/entrecielos.com.ar\\\/qr\\\/#organization\"},\"potentialAction\":[{\"@type\":\"SearchAction\",\"target\":{\"@type\":\"EntryPoint\",\"urlTemplate\":\"https:\\\/\\\/entrecielos.com.ar\\\/qr\\\/?s={search_term_string}\"},\"query-input\":{\"@type\":\"PropertyValueSpecification\",\"valueRequired\":true,\"valueName\":\"search_term_string\"}}],\"inLanguage\":\"es\"},{\"@type\":\"Organization\",\"@id\":\"https:\\\/\\\/entrecielos.com.ar\\\/qr\\\/#organization\",\"name\":\"Entre Cielos\",\"url\":\"https:\\\/\\\/entrecielos.com.ar\\\/qr\\\/\",\"logo\":{\"@type\":\"ImageObject\",\"inLanguage\":\"es\",\"@id\":\"https:\\\/\\\/entrecielos.com.ar\\\/qr\\\/#\\\/schema\\\/logo\\\/image\\\/\",\"url\":\"https:\\\/\\\/entrecielos.com.ar\\\/qr\\\/wp-content\\\/uploads\\\/2021\\\/07\\\/LOGOS_Mesa-de-trabajo-1-32.png\",\"contentUrl\":\"https:\\\/\\\/entrecielos.com.ar\\\/qr\\\/wp-content\\\/uploads\\\/2021\\\/07\\\/LOGOS_Mesa-de-trabajo-1-32.png\",\"width\":579,\"height\":579,\"caption\":\"Entre Cielos\"},\"image\":{\"@id\":\"https:\\\/\\\/entrecielos.com.ar\\\/qr\\\/#\\\/schema\\\/logo\\\/image\\\/\"}}]}<\/script>\n<!-- \/ Yoast SEO plugin. -->","yoast_head_json":{"title":"16 NEW - ES - Restaurant - Tarde de t\u00e9 - Entre Cielos","robots":{"index":"noindex","follow":"follow","max-snippet":"max-snippet:-1","max-image-preview":"max-image-preview:large","max-video-preview":"max-video-preview:-1"},"og_locale":"es_ES","og_type":"article","og_title":"16 NEW - ES - Restaurant - Tarde de t\u00e9 - Entre Cielos","og_description":"TARDE DE T\u00c9 Lunes a domingos 16.00 a 19.00 hs. Solo con reserva previa Si precisa opci\u00f3n sin gluten, solicitar con anticipaci\u00f3n Valor: $50.000 por persona Dulces Marquise sin TACC, caramelo salado, crema de alfajor, pistachos y frambuesasTartaleta de peras y frangipane, chocolate blanco y avellanasParfait de man\u00ed, dulce de leche y coquitoCitric pie, merengue [&hellip;]","og_url":"https:\/\/entrecielos.com.ar\/qr\/16-new-es-restaurant-tarde-de-te\/","og_site_name":"Entre Cielos","article_modified_time":"2026-04-13T17:45:39+00:00","twitter_card":"summary_large_image","twitter_misc":{"Tiempo de lectura":"1 minuto"},"schema":{"@context":"https:\/\/schema.org","@graph":[{"@type":"WebPage","@id":"https:\/\/entrecielos.com.ar\/qr\/16-new-es-restaurant-tarde-de-te\/","url":"https:\/\/entrecielos.com.ar\/qr\/16-new-es-restaurant-tarde-de-te\/","name":"16 NEW - ES - Restaurant - Tarde de t\u00e9 - Entre Cielos","isPartOf":{"@id":"https:\/\/entrecielos.com.ar\/qr\/#website"},"datePublished":"2023-06-02T16:18:15+00:00","dateModified":"2026-04-13T17:45:39+00:00","inLanguage":"es","potentialAction":[{"@type":"ReadAction","target":["https:\/\/entrecielos.com.ar\/qr\/16-new-es-restaurant-tarde-de-te\/"]}]},{"@type":"WebSite","@id":"https:\/\/entrecielos.com.ar\/qr\/#website","url":"https:\/\/entrecielos.com.ar\/qr\/","name":"Entre Cielos","description":"Wine &amp; Wellness Hotel","publisher":{"@id":"https:\/\/entrecielos.com.ar\/qr\/#organization"},"potentialAction":[{"@type":"SearchAction","target":{"@type":"EntryPoint","urlTemplate":"https:\/\/entrecielos.com.ar\/qr\/?s={search_term_string}"},"query-input":{"@type":"PropertyValueSpecification","valueRequired":true,"valueName":"search_term_string"}}],"inLanguage":"es"},{"@type":"Organization","@id":"https:\/\/entrecielos.com.ar\/qr\/#organization","name":"Entre Cielos","url":"https:\/\/entrecielos.com.ar\/qr\/","logo":{"@type":"ImageObject","inLanguage":"es","@id":"https:\/\/entrecielos.com.ar\/qr\/#\/schema\/logo\/image\/","url":"https:\/\/entrecielos.com.ar\/qr\/wp-content\/uploads\/2021\/07\/LOGOS_Mesa-de-trabajo-1-32.png","contentUrl":"https:\/\/entrecielos.com.ar\/qr\/wp-content\/uploads\/2021\/07\/LOGOS_Mesa-de-trabajo-1-32.png","width":579,"height":579,"caption":"Entre Cielos"},"image":{"@id":"https:\/\/entrecielos.com.ar\/qr\/#\/schema\/logo\/image\/"}}]}},"_links":{"self":[{"href":"https:\/\/entrecielos.com.ar\/qr\/wp-json\/wp\/v2\/pages\/21784","targetHints":{"allow":["GET"]}}],"collection":[{"href":"https:\/\/entrecielos.com.ar\/qr\/wp-json\/wp\/v2\/pages"}],"about":[{"href":"https:\/\/entrecielos.com.ar\/qr\/wp-json\/wp\/v2\/types\/page"}],"author":[{"embeddable":true,"href":"https:\/\/entrecielos.com.ar\/qr\/wp-json\/wp\/v2\/users\/10"}],"replies":[{"embeddable":true,"href":"https:\/\/entrecielos.com.ar\/qr\/wp-json\/wp\/v2\/comments?post=21784"}],"version-history":[{"count":104,"href":"https:\/\/entrecielos.com.ar\/qr\/wp-json\/wp\/v2\/pages\/21784\/revisions"}],"predecessor-version":[{"id":35035,"href":"https:\/\/entrecielos.com.ar\/qr\/wp-json\/wp\/v2\/pages\/21784\/revisions\/35035"}],"wp:attachment":[{"href":"https:\/\/entrecielos.com.ar\/qr\/wp-json\/wp\/v2\/media?parent=21784"}],"curies":[{"name":"wp","href":"https:\/\/api.w.org\/{rel}","templated":true}]}}