{"id":20136,"date":"2023-05-03T10:48:52","date_gmt":"2023-05-03T13:48:52","guid":{"rendered":"http:\/\/entrecielos.com.ar.ar.ar\/qr\/?page_id=20136"},"modified":"2026-04-12T20:04:43","modified_gmt":"2026-04-12T23:04:43","slug":"09-new-pt-restaurant-menu-hamam","status":"publish","type":"page","link":"https:\/\/entrecielos.com.ar\/qr\/09-new-pt-restaurant-menu-hamam\/","title":{"rendered":"09 NEW &#8211; PT &#8211; Restaurant &#8211; Men\u00fa Hamam"},"content":{"rendered":"\t\t<div data-elementor-type=\"wp-page\" data-elementor-id=\"20136\" class=\"elementor elementor-20136\" data-elementor-post-type=\"page\">\n\t\t\t\t\t\t<section data-particle_enable=\"false\" data-particle-mobile-disabled=\"false\" class=\"elementor-section elementor-top-section elementor-element elementor-element-047f440 elementor-section-height-min-height elementor-section-items-top elementor-section-boxed elementor-section-height-default\" data-id=\"047f440\" data-element_type=\"section\" data-e-type=\"section\" data-settings=\"{&quot;background_background&quot;:&quot;classic&quot;,&quot;motion_fx_motion_fx_scrolling&quot;:&quot;yes&quot;,&quot;animation&quot;:&quot;none&quot;,&quot;motion_fx_devices&quot;:[&quot;desktop&quot;,&quot;tablet&quot;,&quot;mobile&quot;]}\">\n\t\t\t\t\t\t\t<div class=\"elementor-background-overlay\"><\/div>\n\t\t\t\t\t\t\t<div class=\"elementor-container elementor-column-gap-default\">\n\t\t\t\t\t<div class=\"elementor-column elementor-col-100 elementor-top-column elementor-element elementor-element-0bcd1e2\" data-id=\"0bcd1e2\" data-element_type=\"column\" data-e-type=\"column\">\n\t\t\t<div class=\"elementor-widget-wrap elementor-element-populated\">\n\t\t\t\t\t\t<section data-particle_enable=\"false\" data-particle-mobile-disabled=\"false\" class=\"elementor-section elementor-inner-section elementor-element elementor-element-dee4e3b elementor-section-boxed elementor-section-height-default elementor-section-height-default\" data-id=\"dee4e3b\" data-element_type=\"section\" data-e-type=\"section\">\n\t\t\t\t\t\t<div class=\"elementor-container elementor-column-gap-default\">\n\t\t\t\t\t<div class=\"elementor-column elementor-col-100 elementor-inner-column elementor-element elementor-element-0809f4b\" data-id=\"0809f4b\" data-element_type=\"column\" data-e-type=\"column\">\n\t\t\t<div class=\"elementor-widget-wrap\">\n\t\t\t\t\t\t\t<\/div>\n\t\t<\/div>\n\t\t\t\t\t<\/div>\n\t\t<\/section>\n\t\t\t\t<section data-particle_enable=\"false\" data-particle-mobile-disabled=\"false\" class=\"elementor-section elementor-inner-section elementor-element elementor-element-c41c1d9 elementor-section-boxed elementor-section-height-default elementor-section-height-default\" data-id=\"c41c1d9\" data-element_type=\"section\" data-e-type=\"section\" data-settings=\"{&quot;background_background&quot;:&quot;classic&quot;}\">\n\t\t\t\t\t\t<div class=\"elementor-container elementor-column-gap-default\">\n\t\t\t\t\t<div class=\"elementor-column elementor-col-100 elementor-inner-column elementor-element elementor-element-1b2cfda\" data-id=\"1b2cfda\" data-element_type=\"column\" data-e-type=\"column\">\n\t\t\t<div class=\"elementor-widget-wrap elementor-element-populated\">\n\t\t\t\t\t\t<div class=\"elementor-element elementor-element-068fa1b elementor-widget elementor-widget-heading\" data-id=\"068fa1b\" data-element_type=\"widget\" data-e-type=\"widget\" data-widget_type=\"heading.default\">\n\t\t\t\t\t<h2 class=\"elementor-heading-title elementor-size-default\">MEN\u00da HAMAM<\/h2>\t\t\t\t<\/div>\n\t\t\t\t<div class=\"elementor-element elementor-element-dc41a38 elementor-widget elementor-widget-text-editor\" data-id=\"dc41a38\" data-element_type=\"widget\" data-e-type=\"widget\" data-widget_type=\"text-editor.default\">\n\t\t\t\t\t\t\t\t\t<p style=\"text-align: center;\">Hor\u00e1rio de 11:00 a 23:00h<\/p>\t\t\t\t\t\t\t\t<\/div>\n\t\t\t\t\t<\/div>\n\t\t<\/div>\n\t\t\t\t\t<\/div>\n\t\t<\/section>\n\t\t\t\t<section data-particle_enable=\"false\" data-particle-mobile-disabled=\"false\" class=\"elementor-section elementor-inner-section elementor-element elementor-element-fc9ba2b elementor-section-boxed elementor-section-height-default elementor-section-height-default\" data-id=\"fc9ba2b\" data-element_type=\"section\" data-e-type=\"section\">\n\t\t\t\t\t\t<div class=\"elementor-container elementor-column-gap-default\">\n\t\t\t\t\t<div class=\"elementor-column elementor-col-100 elementor-inner-column elementor-element elementor-element-aa70666\" data-id=\"aa70666\" data-element_type=\"column\" data-e-type=\"column\">\n\t\t\t<div class=\"elementor-widget-wrap elementor-element-populated\">\n\t\t\t\t\t\t<div class=\"elementor-element elementor-element-f79f748 elementor-widget elementor-widget-heading\" data-id=\"f79f748\" data-element_type=\"widget\" data-e-type=\"widget\" data-widget_type=\"heading.default\">\n\t\t\t\t\t<h2 class=\"elementor-heading-title elementor-size-default\">Entradas<\/h2>\t\t\t\t<\/div>\n\t\t\t\t<div class=\"elementor-element elementor-element-180b009 elementor-widget elementor-widget-text-editor\" data-id=\"180b009\" data-element_type=\"widget\" data-e-type=\"widget\" data-widget_type=\"text-editor.default\">\n\t\t\t\t\t\t\t\t\t<ul><li style=\"text-align: left;\">Salada Caesar: alface, bacon, frango, queijo parmes\u00e3o, croutons,<br \/>alcaparras, molho Caesar<\/li><li>Salada verde: verdes da esta\u00e7\u00e3o, vinagrete de sementes de ab\u00f3bora e s\u00e9samo, mostarda e mel, queijo azul, peras, l\u00e2minas de vegetais (Op\u00e7\u00e3o vegana)<\/li><li>Empanadas de carne mendocina ou 3 queijos e cebola, acompanhadas de salsa llajua <br \/>(2 unidades)<\/li><li>Texturas de Cenoura: cenouras assadas \u2013 cenouras lacto-fermentadas \u2013 pur\u00ea de cenoura e laranja \u2013 molho de sidra \u2013 trigo sarraceno \u2013 vinagrete de ma\u00e7\u00e3 <br \/>(Sem gl\u00faten e vegano)<\/li><li>Burrata: homus de beterraba \u2013 cruc\u00edferas \u2013 molho de tangerina \u2013 pistaches <br \/>(Sem gl\u00faten)<\/li><li>Sopa de Ab\u00f3bora: creme de curry \u2013 focaccia gratinada (Op\u00e7\u00e3o sem gl\u00faten)<\/li><\/ul>\t\t\t\t\t\t\t\t<\/div>\n\t\t\t\t<div class=\"elementor-element elementor-element-c2e48ca elementor-widget elementor-widget-heading\" data-id=\"c2e48ca\" data-element_type=\"widget\" data-e-type=\"widget\" data-widget_type=\"heading.default\">\n\t\t\t\t\t<h2 class=\"elementor-heading-title elementor-size-default\">Pratos principais<\/h2>\t\t\t\t<\/div>\n\t\t\t\t<div class=\"elementor-element elementor-element-a32d53f elementor-widget elementor-widget-text-editor\" data-id=\"a32d53f\" data-element_type=\"widget\" data-e-type=\"widget\" data-widget_type=\"text-editor.default\">\n\t\t\t\t\t\t\t\t\t<ul><li>Beterrabas em 3 Texturas: creme de castanha-de-caju \u2013 molho \u00abton\u00e9\u00bb de algas \u2013 radicchio e laranja<br \/>(Vegano e sem gl\u00faten)<\/li><li>Coxa de Frango: molho de mostarda e tahine \u2013 pur\u00ea de batata-doce e toffee de miso \u2013 chips de batata-doce \u2013 cenouras assadas em manteiga de funcho<\/li><li>Rotolo de Espinafre e Cebola Caramelizada: molho Mornay \u2013 funcho assado \u2013 creme de br\u00f3colis \u2013 azeitonas gregas\u00a0<\/li><li>Sorrentinos de Batata-doce e Am\u00eandoas: bochecha bovina \u2013 creme de queijo de cabra \u2013 pomodoro alla vodka \u2013 pesto de r\u00facula <br \/>(Op\u00e7\u00e3o vegetariana)<\/li><li>Risoto de Cogumelos: peras condimentadas \u2013 nozes agridoces e picantes \u2013 p\u00f3 de cacau e cogumelos secos <br \/>(Sem gl\u00faten)<\/li><\/ul>\t\t\t\t\t\t\t\t<\/div>\n\t\t\t\t<div class=\"elementor-element elementor-element-8489b36 elementor-widget elementor-widget-heading\" data-id=\"8489b36\" data-element_type=\"widget\" data-e-type=\"widget\" data-widget_type=\"heading.default\">\n\t\t\t\t\t<h2 class=\"elementor-heading-title elementor-size-default\">Sobremesas<\/h2>\t\t\t\t<\/div>\n\t\t\t\t<div class=\"elementor-element elementor-element-b7587b9 elementor-widget elementor-widget-text-editor\" data-id=\"b7587b9\" data-element_type=\"widget\" data-e-type=\"widget\" data-widget_type=\"text-editor.default\">\n\t\t\t\t\t\t\t\t\t<ul><li>Texturas de doce de leite: parfait de doce de leite e amendoim, calda de doce de leite<br \/>e Grand Marnier, creme de amendoim e p\u00e3o de l\u00f3 de doce de leite<\/li><li>Queijo e Doce: torta basca, doce da esta\u00e7\u00e3o, doce de batata-doce<br \/>e chocolate branco, redu\u00e7\u00e3o de Malbec e am\u00eandoas pralin\u00e9<\/li><li>Flan caseiro, chantilly e doce de leite <br \/>(Sem gl\u00faten)<\/li><li>Mousse de laranja e manga, curd de lim\u00e3o \u2013 calda de erva-mate \u2013 sabl\u00e9 de am\u00eandoas \u2013 terra de alfarroba<\/li><\/ul>\t\t\t\t\t\t\t\t<\/div>\n\t\t\t\t\t<\/div>\n\t\t<\/div>\n\t\t\t\t\t<\/div>\n\t\t<\/section>\n\t\t\t\t<section data-particle_enable=\"false\" data-particle-mobile-disabled=\"false\" class=\"elementor-section elementor-inner-section elementor-element elementor-element-245501b elementor-section-full_width elementor-section-height-min-height elementor-section-content-middle elementor-section-height-default\" data-id=\"245501b\" data-element_type=\"section\" data-e-type=\"section\" data-settings=\"{&quot;background_background&quot;:&quot;classic&quot;,&quot;sticky&quot;:&quot;top&quot;,&quot;sticky_on&quot;:[&quot;desktop&quot;,&quot;tablet&quot;,&quot;mobile&quot;],&quot;sticky_offset&quot;:0,&quot;sticky_effects_offset&quot;:0,&quot;sticky_anchor_link_offset&quot;:0}\">\n\t\t\t\t\t\t<div class=\"elementor-container elementor-column-gap-default\">\n\t\t\t\t\t<div class=\"elementor-column elementor-col-100 elementor-inner-column elementor-element elementor-element-53c7b83\" data-id=\"53c7b83\" data-element_type=\"column\" data-e-type=\"column\" data-settings=\"{&quot;background_background&quot;:&quot;classic&quot;}\">\n\t\t\t<div class=\"elementor-widget-wrap elementor-element-populated\">\n\t\t\t\t\t\t<div class=\"elementor-element elementor-element-037026e elementor-icon-list--layout-inline elementor-align-center boton_volver elementor-widget__width-auto elementor-list-item-link-full_width elementor-widget elementor-widget-icon-list\" data-id=\"037026e\" data-element_type=\"widget\" data-e-type=\"widget\" data-widget_type=\"icon-list.default\">\n\t\t\t\t\t\t\t<ul class=\"elementor-icon-list-items elementor-inline-items\">\n\t\t\t\t\t\t\t<li class=\"elementor-icon-list-item elementor-inline-item\">\n\t\t\t\t\t\t\t\t\t\t\t<a href=\"#\">\n\n\t\t\t\t\t\t\t\t\t\t\t\t<span class=\"elementor-icon-list-icon\">\n\t\t\t\t\t\t\t<svg aria-hidden=\"true\" class=\"e-font-icon-svg e-fas-caret-left\" viewBox=\"0 0 192 512\" xmlns=\"http:\/\/www.w3.org\/2000\/svg\"><path d=\"M192 127.338v257.324c0 17.818-21.543 26.741-34.142 14.142L29.196 270.142c-7.81-7.81-7.81-20.474 0-28.284l128.662-128.662c12.599-12.6 34.142-3.676 34.142 14.142z\"><\/path><\/svg>\t\t\t\t\t\t<\/span>\n\t\t\t\t\t\t\t\t\t\t<span class=\"elementor-icon-list-text\">Volver | Back<\/span>\n\t\t\t\t\t\t\t\t\t\t\t<\/a>\n\t\t\t\t\t\t\t\t\t<\/li>\n\t\t\t\t\t\t<\/ul>\n\t\t\t\t\t\t<\/div>\n\t\t\t\t<div class=\"elementor-element elementor-element-96a2f38 elementor-icon-list--layout-inline elementor-align-center elementor-widget__width-auto boton_scroll_top elementor-list-item-link-full_width elementor-widget elementor-widget-icon-list\" data-id=\"96a2f38\" data-element_type=\"widget\" data-e-type=\"widget\" data-widget_type=\"icon-list.default\">\n\t\t\t\t\t\t\t<ul class=\"elementor-icon-list-items elementor-inline-items\">\n\t\t\t\t\t\t\t<li class=\"elementor-icon-list-item elementor-inline-item\">\n\t\t\t\t\t\t\t\t\t\t\t<a href=\"#\">\n\n\t\t\t\t\t\t\t\t\t\t\t\t<span class=\"elementor-icon-list-icon\">\n\t\t\t\t\t\t\t<svg aria-hidden=\"true\" class=\"e-font-icon-svg e-fas-caret-up\" viewBox=\"0 0 320 512\" xmlns=\"http:\/\/www.w3.org\/2000\/svg\"><path d=\"M288.662 352H31.338c-17.818 0-26.741-21.543-14.142-34.142l128.662-128.662c7.81-7.81 20.474-7.81 28.284 0l128.662 128.662c12.6 12.599 3.676 34.142-14.142 34.142z\"><\/path><\/svg>\t\t\t\t\t\t<\/span>\n\t\t\t\t\t\t\t\t\t\t<span class=\"elementor-icon-list-text\">Subir | Top<\/span>\n\t\t\t\t\t\t\t\t\t\t\t<\/a>\n\t\t\t\t\t\t\t\t\t<\/li>\n\t\t\t\t\t\t<\/ul>\n\t\t\t\t\t\t<\/div>\n\t\t\t\t\t<\/div>\n\t\t<\/div>\n\t\t\t\t\t<\/div>\n\t\t<\/section>\n\t\t\t\t\t<\/div>\n\t\t<\/div>\n\t\t\t\t\t<\/div>\n\t\t<\/section>\n\t\t\t\t<\/div>\n\t\t","protected":false},"excerpt":{"rendered":"<p>MEN\u00da HAMAM Hor\u00e1rio de 11:00 a 23:00h Entradas Salada Caesar: alface, bacon, frango, queijo parmes\u00e3o, croutons,alcaparras, molho Caesar Salada verde: verdes da esta\u00e7\u00e3o, vinagrete de sementes de ab\u00f3bora e s\u00e9samo, mostarda e mel, queijo azul, peras, l\u00e2minas de vegetais (Op\u00e7\u00e3o vegana) Empanadas de carne mendocina ou 3 queijos e cebola, acompanhadas de salsa llajua (2 [&hellip;]<\/p>\n","protected":false},"author":2,"featured_media":0,"parent":0,"menu_order":0,"comment_status":"closed","ping_status":"closed","template":"elementor_header_footer","meta":{"footnotes":""},"class_list":["post-20136","page","type-page","status-publish","hentry"],"yoast_head":"<!-- This site is optimized with the Yoast SEO plugin v27.4 - https:\/\/yoast.com\/product\/yoast-seo-wordpress\/ -->\n<title>09 NEW - PT - Restaurant - Men\u00fa Hamam - Entre Cielos<\/title>\n<meta name=\"robots\" content=\"noindex, follow, max-snippet:-1, max-image-preview:large, max-video-preview:-1\" \/>\n<meta property=\"og:locale\" content=\"es_ES\" \/>\n<meta property=\"og:type\" content=\"article\" \/>\n<meta property=\"og:title\" content=\"09 NEW - PT - Restaurant - Men\u00fa Hamam - Entre Cielos\" \/>\n<meta property=\"og:description\" content=\"MEN\u00da HAMAM Hor\u00e1rio de 11:00 a 23:00h Entradas Salada Caesar: alface, bacon, frango, queijo parmes\u00e3o, croutons,alcaparras, molho Caesar Salada verde: verdes da esta\u00e7\u00e3o, vinagrete de sementes de ab\u00f3bora e s\u00e9samo, mostarda e mel, queijo azul, peras, l\u00e2minas de vegetais (Op\u00e7\u00e3o vegana) Empanadas de carne mendocina ou 3 queijos e cebola, acompanhadas de salsa llajua (2 [&hellip;]\" \/>\n<meta property=\"og:url\" content=\"https:\/\/entrecielos.com.ar\/qr\/09-new-pt-restaurant-menu-hamam\/\" \/>\n<meta property=\"og:site_name\" content=\"Entre Cielos\" \/>\n<meta property=\"article:modified_time\" content=\"2026-04-12T23:04:43+00:00\" \/>\n<meta name=\"twitter:card\" content=\"summary_large_image\" \/>\n<meta name=\"twitter:label1\" content=\"Tiempo de lectura\" \/>\n\t<meta name=\"twitter:data1\" content=\"2 minutos\" \/>\n<script type=\"application\/ld+json\" class=\"yoast-schema-graph\">{\"@context\":\"https:\\\/\\\/schema.org\",\"@graph\":[{\"@type\":\"WebPage\",\"@id\":\"https:\\\/\\\/entrecielos.com.ar\\\/qr\\\/09-new-pt-restaurant-menu-hamam\\\/\",\"url\":\"https:\\\/\\\/entrecielos.com.ar\\\/qr\\\/09-new-pt-restaurant-menu-hamam\\\/\",\"name\":\"09 NEW - PT - Restaurant - Men\u00fa Hamam - Entre Cielos\",\"isPartOf\":{\"@id\":\"https:\\\/\\\/entrecielos.com.ar\\\/qr\\\/#website\"},\"datePublished\":\"2023-05-03T13:48:52+00:00\",\"dateModified\":\"2026-04-12T23:04:43+00:00\",\"inLanguage\":\"es\",\"potentialAction\":[{\"@type\":\"ReadAction\",\"target\":[\"https:\\\/\\\/entrecielos.com.ar\\\/qr\\\/09-new-pt-restaurant-menu-hamam\\\/\"]}]},{\"@type\":\"WebSite\",\"@id\":\"https:\\\/\\\/entrecielos.com.ar\\\/qr\\\/#website\",\"url\":\"https:\\\/\\\/entrecielos.com.ar\\\/qr\\\/\",\"name\":\"Entre Cielos\",\"description\":\"Wine &amp; Wellness Hotel\",\"publisher\":{\"@id\":\"https:\\\/\\\/entrecielos.com.ar\\\/qr\\\/#organization\"},\"potentialAction\":[{\"@type\":\"SearchAction\",\"target\":{\"@type\":\"EntryPoint\",\"urlTemplate\":\"https:\\\/\\\/entrecielos.com.ar\\\/qr\\\/?s={search_term_string}\"},\"query-input\":{\"@type\":\"PropertyValueSpecification\",\"valueRequired\":true,\"valueName\":\"search_term_string\"}}],\"inLanguage\":\"es\"},{\"@type\":\"Organization\",\"@id\":\"https:\\\/\\\/entrecielos.com.ar\\\/qr\\\/#organization\",\"name\":\"Entre Cielos\",\"url\":\"https:\\\/\\\/entrecielos.com.ar\\\/qr\\\/\",\"logo\":{\"@type\":\"ImageObject\",\"inLanguage\":\"es\",\"@id\":\"https:\\\/\\\/entrecielos.com.ar\\\/qr\\\/#\\\/schema\\\/logo\\\/image\\\/\",\"url\":\"https:\\\/\\\/entrecielos.com.ar\\\/qr\\\/wp-content\\\/uploads\\\/2021\\\/07\\\/LOGOS_Mesa-de-trabajo-1-32.png\",\"contentUrl\":\"https:\\\/\\\/entrecielos.com.ar\\\/qr\\\/wp-content\\\/uploads\\\/2021\\\/07\\\/LOGOS_Mesa-de-trabajo-1-32.png\",\"width\":579,\"height\":579,\"caption\":\"Entre Cielos\"},\"image\":{\"@id\":\"https:\\\/\\\/entrecielos.com.ar\\\/qr\\\/#\\\/schema\\\/logo\\\/image\\\/\"}}]}<\/script>\n<!-- \/ Yoast SEO plugin. -->","yoast_head_json":{"title":"09 NEW - PT - Restaurant - Men\u00fa Hamam - Entre Cielos","robots":{"index":"noindex","follow":"follow","max-snippet":"max-snippet:-1","max-image-preview":"max-image-preview:large","max-video-preview":"max-video-preview:-1"},"og_locale":"es_ES","og_type":"article","og_title":"09 NEW - PT - Restaurant - Men\u00fa Hamam - Entre Cielos","og_description":"MEN\u00da HAMAM Hor\u00e1rio de 11:00 a 23:00h Entradas Salada Caesar: alface, bacon, frango, queijo parmes\u00e3o, croutons,alcaparras, molho Caesar Salada verde: verdes da esta\u00e7\u00e3o, vinagrete de sementes de ab\u00f3bora e s\u00e9samo, mostarda e mel, queijo azul, peras, l\u00e2minas de vegetais (Op\u00e7\u00e3o vegana) Empanadas de carne mendocina ou 3 queijos e cebola, acompanhadas de salsa llajua (2 [&hellip;]","og_url":"https:\/\/entrecielos.com.ar\/qr\/09-new-pt-restaurant-menu-hamam\/","og_site_name":"Entre Cielos","article_modified_time":"2026-04-12T23:04:43+00:00","twitter_card":"summary_large_image","twitter_misc":{"Tiempo de lectura":"2 minutos"},"schema":{"@context":"https:\/\/schema.org","@graph":[{"@type":"WebPage","@id":"https:\/\/entrecielos.com.ar\/qr\/09-new-pt-restaurant-menu-hamam\/","url":"https:\/\/entrecielos.com.ar\/qr\/09-new-pt-restaurant-menu-hamam\/","name":"09 NEW - PT - Restaurant - Men\u00fa Hamam - Entre Cielos","isPartOf":{"@id":"https:\/\/entrecielos.com.ar\/qr\/#website"},"datePublished":"2023-05-03T13:48:52+00:00","dateModified":"2026-04-12T23:04:43+00:00","inLanguage":"es","potentialAction":[{"@type":"ReadAction","target":["https:\/\/entrecielos.com.ar\/qr\/09-new-pt-restaurant-menu-hamam\/"]}]},{"@type":"WebSite","@id":"https:\/\/entrecielos.com.ar\/qr\/#website","url":"https:\/\/entrecielos.com.ar\/qr\/","name":"Entre Cielos","description":"Wine &amp; Wellness Hotel","publisher":{"@id":"https:\/\/entrecielos.com.ar\/qr\/#organization"},"potentialAction":[{"@type":"SearchAction","target":{"@type":"EntryPoint","urlTemplate":"https:\/\/entrecielos.com.ar\/qr\/?s={search_term_string}"},"query-input":{"@type":"PropertyValueSpecification","valueRequired":true,"valueName":"search_term_string"}}],"inLanguage":"es"},{"@type":"Organization","@id":"https:\/\/entrecielos.com.ar\/qr\/#organization","name":"Entre Cielos","url":"https:\/\/entrecielos.com.ar\/qr\/","logo":{"@type":"ImageObject","inLanguage":"es","@id":"https:\/\/entrecielos.com.ar\/qr\/#\/schema\/logo\/image\/","url":"https:\/\/entrecielos.com.ar\/qr\/wp-content\/uploads\/2021\/07\/LOGOS_Mesa-de-trabajo-1-32.png","contentUrl":"https:\/\/entrecielos.com.ar\/qr\/wp-content\/uploads\/2021\/07\/LOGOS_Mesa-de-trabajo-1-32.png","width":579,"height":579,"caption":"Entre Cielos"},"image":{"@id":"https:\/\/entrecielos.com.ar\/qr\/#\/schema\/logo\/image\/"}}]}},"_links":{"self":[{"href":"https:\/\/entrecielos.com.ar\/qr\/wp-json\/wp\/v2\/pages\/20136","targetHints":{"allow":["GET"]}}],"collection":[{"href":"https:\/\/entrecielos.com.ar\/qr\/wp-json\/wp\/v2\/pages"}],"about":[{"href":"https:\/\/entrecielos.com.ar\/qr\/wp-json\/wp\/v2\/types\/page"}],"author":[{"embeddable":true,"href":"https:\/\/entrecielos.com.ar\/qr\/wp-json\/wp\/v2\/users\/2"}],"replies":[{"embeddable":true,"href":"https:\/\/entrecielos.com.ar\/qr\/wp-json\/wp\/v2\/comments?post=20136"}],"version-history":[{"count":176,"href":"https:\/\/entrecielos.com.ar\/qr\/wp-json\/wp\/v2\/pages\/20136\/revisions"}],"predecessor-version":[{"id":34953,"href":"https:\/\/entrecielos.com.ar\/qr\/wp-json\/wp\/v2\/pages\/20136\/revisions\/34953"}],"wp:attachment":[{"href":"https:\/\/entrecielos.com.ar\/qr\/wp-json\/wp\/v2\/media?parent=20136"}],"curies":[{"name":"wp","href":"https:\/\/api.w.org\/{rel}","templated":true}]}}