{"id":18692,"date":"2023-03-21T10:31:17","date_gmt":"2023-03-21T13:31:17","guid":{"rendered":"http:\/\/entrecielos.com.ar.ar.ar\/qr\/?page_id=18692"},"modified":"2026-04-12T20:48:41","modified_gmt":"2026-04-12T23:48:41","slug":"09-new-es-restaurant-menu-hamam","status":"publish","type":"page","link":"https:\/\/entrecielos.com.ar\/qr\/09-new-es-restaurant-menu-hamam\/","title":{"rendered":"09 NEW &#8211; ES &#8211; Restaurant &#8211; Men\u00fa Hamam"},"content":{"rendered":"\t\t<div data-elementor-type=\"wp-page\" data-elementor-id=\"18692\" class=\"elementor elementor-18692\" data-elementor-post-type=\"page\">\n\t\t\t\t\t\t<section data-particle_enable=\"false\" data-particle-mobile-disabled=\"false\" class=\"elementor-section elementor-top-section elementor-element elementor-element-047f440 elementor-section-height-min-height elementor-section-items-top elementor-section-boxed elementor-section-height-default\" data-id=\"047f440\" data-element_type=\"section\" data-e-type=\"section\" data-settings=\"{&quot;background_background&quot;:&quot;classic&quot;,&quot;motion_fx_motion_fx_scrolling&quot;:&quot;yes&quot;,&quot;animation&quot;:&quot;none&quot;,&quot;motion_fx_devices&quot;:[&quot;desktop&quot;,&quot;tablet&quot;,&quot;mobile&quot;]}\">\n\t\t\t\t\t\t\t<div class=\"elementor-background-overlay\"><\/div>\n\t\t\t\t\t\t\t<div class=\"elementor-container elementor-column-gap-default\">\n\t\t\t\t\t<div class=\"elementor-column elementor-col-100 elementor-top-column elementor-element elementor-element-0bcd1e2\" data-id=\"0bcd1e2\" data-element_type=\"column\" data-e-type=\"column\">\n\t\t\t<div class=\"elementor-widget-wrap elementor-element-populated\">\n\t\t\t\t\t\t<div class=\"elementor-element elementor-element-5ab21bc elementor-widget elementor-widget-spacer\" data-id=\"5ab21bc\" data-element_type=\"widget\" data-e-type=\"widget\" data-widget_type=\"spacer.default\">\n\t\t\t\t\t\t\t<div class=\"elementor-spacer\">\n\t\t\t<div class=\"elementor-spacer-inner\"><\/div>\n\t\t<\/div>\n\t\t\t\t\t\t<\/div>\n\t\t\t\t<section data-particle_enable=\"false\" data-particle-mobile-disabled=\"false\" class=\"elementor-section elementor-inner-section elementor-element elementor-element-c41c1d9 elementor-section-boxed elementor-section-height-default elementor-section-height-default\" data-id=\"c41c1d9\" data-element_type=\"section\" data-e-type=\"section\" data-settings=\"{&quot;background_background&quot;:&quot;classic&quot;}\">\n\t\t\t\t\t\t<div class=\"elementor-container elementor-column-gap-default\">\n\t\t\t\t\t<div class=\"elementor-column elementor-col-100 elementor-inner-column elementor-element elementor-element-1b2cfda\" data-id=\"1b2cfda\" data-element_type=\"column\" data-e-type=\"column\">\n\t\t\t<div class=\"elementor-widget-wrap elementor-element-populated\">\n\t\t\t\t\t\t<div class=\"elementor-element elementor-element-068fa1b elementor-widget elementor-widget-heading\" data-id=\"068fa1b\" data-element_type=\"widget\" data-e-type=\"widget\" data-widget_type=\"heading.default\">\n\t\t\t\t\t<h2 class=\"elementor-heading-title elementor-size-default\">MEN\u00da HAMAM<\/h2>\t\t\t\t<\/div>\n\t\t\t\t<div class=\"elementor-element elementor-element-dc41a38 elementor-widget elementor-widget-text-editor\" data-id=\"dc41a38\" data-element_type=\"widget\" data-e-type=\"widget\" data-widget_type=\"text-editor.default\">\n\t\t\t\t\t\t\t\t\t<p style=\"text-align: center;\">12 a 23 hs.<\/p>\t\t\t\t\t\t\t\t<\/div>\n\t\t\t\t\t<\/div>\n\t\t<\/div>\n\t\t\t\t\t<\/div>\n\t\t<\/section>\n\t\t\t\t<section data-particle_enable=\"false\" data-particle-mobile-disabled=\"false\" class=\"elementor-section elementor-inner-section elementor-element elementor-element-fc9ba2b elementor-section-boxed elementor-section-height-default elementor-section-height-default\" data-id=\"fc9ba2b\" data-element_type=\"section\" data-e-type=\"section\">\n\t\t\t\t\t\t<div class=\"elementor-container elementor-column-gap-default\">\n\t\t\t\t\t<div class=\"elementor-column elementor-col-100 elementor-inner-column elementor-element elementor-element-aa70666\" data-id=\"aa70666\" data-element_type=\"column\" data-e-type=\"column\">\n\t\t\t<div class=\"elementor-widget-wrap elementor-element-populated\">\n\t\t\t\t\t\t<div class=\"elementor-element elementor-element-f79f748 elementor-widget elementor-widget-heading\" data-id=\"f79f748\" data-element_type=\"widget\" data-e-type=\"widget\" data-widget_type=\"heading.default\">\n\t\t\t\t\t<h2 class=\"elementor-heading-title elementor-size-default\">Entradas<\/h2>\t\t\t\t<\/div>\n\t\t\t\t<div class=\"elementor-element elementor-element-180b009 elementor-widget elementor-widget-text-editor\" data-id=\"180b009\" data-element_type=\"widget\" data-e-type=\"widget\" data-widget_type=\"text-editor.default\">\n\t\t\t\t\t\t\t\t\t<ul><li style=\"text-align: left;\">Caesar salad: lechuga, panceta, pollo, queso parmesano, croutones,<br \/>alcaparras, aderezo caesar<\/li><li style=\"text-align: left;\">Ensalada verde: verdes de estaci\u00f3n, vinagreta de semillas de calabaza y s\u00e9samo, mostaza y miel, queso azul, peras, l\u00e1minas de vegetales (opci\u00f3n vegana)<\/li><li style=\"text-align: left;\">Empanadas de carne mendocina o 3 quesos y cebolla, acompa\u00f1adas de salsa llajua (2 unidades)<\/li><li style=\"text-align: left;\"><span style=\"font-weight: 400;\">Texturas de zanahorias: zanahorias asadas \u2013 zanahorias lactofermentadas &#8211; pur\u00e9 de zanahoria y naranja &#8211; salsa de sidra \u2013 sarraceno\u2013 vinagreta de manzana <br \/>(Sin gluteny vegano)<\/span><\/li><li style=\"text-align: left;\">Burrata &#8211; hummus de remolacha &#8211; cruc\u00edferas &#8211; salsa de mandarina &#8211; pistachos <br \/>(Sin gluten)<\/li><li style=\"text-align: left;\">Sopa de calabaza &#8211; crema de curry &#8211; focaccia gratinada\u00a0<br \/>(Opci\u00f3n sin gluten)<\/li><\/ul>\t\t\t\t\t\t\t\t<\/div>\n\t\t\t\t<div class=\"elementor-element elementor-element-c2e48ca elementor-widget elementor-widget-heading\" data-id=\"c2e48ca\" data-element_type=\"widget\" data-e-type=\"widget\" data-widget_type=\"heading.default\">\n\t\t\t\t\t<h2 class=\"elementor-heading-title elementor-size-default\">Principales<\/h2>\t\t\t\t<\/div>\n\t\t\t\t<div class=\"elementor-element elementor-element-a32d53f elementor-widget elementor-widget-text-editor\" data-id=\"a32d53f\" data-element_type=\"widget\" data-e-type=\"widget\" data-widget_type=\"text-editor.default\">\n\t\t\t\t\t\t\t\t\t<ul><li style=\"text-align: left;\">Remolachas en 3 texturas &#8211; crema de casta\u00f1as de caj\u00fa &#8211; aderezo ton\u00e9 de algas &#8211; radicchio y naranja<br \/>(Vegano y sin gluten)<\/li><li style=\"text-align: left;\">Muslo de pollo \u2013 salsa de mostaza y tahini \u2013 pur\u00e9 de batata y toffee de miso &#8211; chips de batata &#8211; zanahorias asadas en manteca de hinojo<\/li><li style=\"text-align: left;\">Rotolo de espinaca y cebolla caramelizada &#8211; Mornay, hinojos asado &#8211; crema de br\u00f3coli &#8211; aceitunas griegas<\/li><li style=\"text-align: left;\">Sorrentinos de boniato y almendras \u2013 carrilleras de vaca &#8211; queso crema de cabra &#8211; pomodoro a la vodka &#8211; pesto de r\u00facula <br \/>(Opci\u00f3n vegetariana)<\/li><li style=\"text-align: left;\">Risotto de hongos &#8211; peras especiadas &#8211; nueces agripicantes &#8211; polvo de cacao y hongos de pino <br \/>(Sin gluten)<\/li><\/ul>\t\t\t\t\t\t\t\t<\/div>\n\t\t\t\t<div class=\"elementor-element elementor-element-8489b36 elementor-widget elementor-widget-heading\" data-id=\"8489b36\" data-element_type=\"widget\" data-e-type=\"widget\" data-widget_type=\"heading.default\">\n\t\t\t\t\t<h2 class=\"elementor-heading-title elementor-size-default\">Postres<\/h2>\t\t\t\t<\/div>\n\t\t\t\t<div class=\"elementor-element elementor-element-b7587b9 elementor-widget elementor-widget-text-editor\" data-id=\"b7587b9\" data-element_type=\"widget\" data-e-type=\"widget\" data-widget_type=\"text-editor.default\">\n\t\t\t\t\t\t\t\t\t<ul><li style=\"text-align: left;\"><span style=\"font-weight: 400;\">Texturas de dulce de leche: Parfait de dulce de leche, salsa de dulce de leche y Grand Marnier, crema de man\u00ed, bizcocho de dulce de leche<\/span><\/li><li style=\"text-align: left;\">Queso y dulce: torta vasca, membrillos al Malbec, dulce de batata<br \/>y chocolate blanco, reducci\u00f3n de Malbec y almendras pralin\u00e9\u00a0<\/li><li style=\"text-align: left;\">Flan casero, chantilly y dulce de leche <br \/>(Sin gluten)<\/li><li style=\"text-align: left;\"><span style=\"font-weight: 400;\">Mousse de naranja y mango, curd de lim\u00f3n, salsa de yerba mate, sabl\u00e9 de almendras, tierra de algarroba<\/span><\/li><\/ul>\t\t\t\t\t\t\t\t<\/div>\n\t\t\t\t<div class=\"elementor-element elementor-element-8465396 elementor-widget elementor-widget-spacer\" data-id=\"8465396\" data-element_type=\"widget\" data-e-type=\"widget\" data-widget_type=\"spacer.default\">\n\t\t\t\t\t\t\t<div class=\"elementor-spacer\">\n\t\t\t<div class=\"elementor-spacer-inner\"><\/div>\n\t\t<\/div>\n\t\t\t\t\t\t<\/div>\n\t\t\t\t\t<\/div>\n\t\t<\/div>\n\t\t\t\t\t<\/div>\n\t\t<\/section>\n\t\t\t\t<section data-particle_enable=\"false\" data-particle-mobile-disabled=\"false\" class=\"elementor-section elementor-inner-section elementor-element elementor-element-3e59bf9 elementor-section-full_width elementor-section-height-min-height elementor-section-content-middle elementor-section-height-default\" data-id=\"3e59bf9\" data-element_type=\"section\" data-e-type=\"section\" data-settings=\"{&quot;background_background&quot;:&quot;classic&quot;,&quot;sticky&quot;:&quot;top&quot;,&quot;sticky_on&quot;:[&quot;desktop&quot;,&quot;tablet&quot;,&quot;mobile&quot;],&quot;sticky_offset&quot;:0,&quot;sticky_effects_offset&quot;:0,&quot;sticky_anchor_link_offset&quot;:0}\">\n\t\t\t\t\t\t<div class=\"elementor-container elementor-column-gap-default\">\n\t\t\t\t\t<div class=\"elementor-column elementor-col-100 elementor-inner-column elementor-element elementor-element-f0c615b\" data-id=\"f0c615b\" data-element_type=\"column\" data-e-type=\"column\" data-settings=\"{&quot;background_background&quot;:&quot;classic&quot;}\">\n\t\t\t<div class=\"elementor-widget-wrap elementor-element-populated\">\n\t\t\t\t\t\t<div class=\"elementor-element elementor-element-fee0d26 elementor-icon-list--layout-inline elementor-align-center boton_volver elementor-widget__width-auto elementor-list-item-link-full_width elementor-widget elementor-widget-icon-list\" data-id=\"fee0d26\" data-element_type=\"widget\" data-e-type=\"widget\" data-widget_type=\"icon-list.default\">\n\t\t\t\t\t\t\t<ul class=\"elementor-icon-list-items elementor-inline-items\">\n\t\t\t\t\t\t\t<li class=\"elementor-icon-list-item elementor-inline-item\">\n\t\t\t\t\t\t\t\t\t\t\t<a href=\"#\">\n\n\t\t\t\t\t\t\t\t\t\t\t\t<span class=\"elementor-icon-list-icon\">\n\t\t\t\t\t\t\t<svg aria-hidden=\"true\" class=\"e-font-icon-svg e-fas-caret-left\" viewBox=\"0 0 192 512\" xmlns=\"http:\/\/www.w3.org\/2000\/svg\"><path d=\"M192 127.338v257.324c0 17.818-21.543 26.741-34.142 14.142L29.196 270.142c-7.81-7.81-7.81-20.474 0-28.284l128.662-128.662c12.599-12.6 34.142-3.676 34.142 14.142z\"><\/path><\/svg>\t\t\t\t\t\t<\/span>\n\t\t\t\t\t\t\t\t\t\t<span class=\"elementor-icon-list-text\">Volver | Back<\/span>\n\t\t\t\t\t\t\t\t\t\t\t<\/a>\n\t\t\t\t\t\t\t\t\t<\/li>\n\t\t\t\t\t\t<\/ul>\n\t\t\t\t\t\t<\/div>\n\t\t\t\t<div class=\"elementor-element elementor-element-d20d35b elementor-icon-list--layout-inline elementor-align-center elementor-widget__width-auto boton_scroll_top elementor-list-item-link-full_width elementor-widget elementor-widget-icon-list\" data-id=\"d20d35b\" data-element_type=\"widget\" data-e-type=\"widget\" data-widget_type=\"icon-list.default\">\n\t\t\t\t\t\t\t<ul class=\"elementor-icon-list-items elementor-inline-items\">\n\t\t\t\t\t\t\t<li class=\"elementor-icon-list-item elementor-inline-item\">\n\t\t\t\t\t\t\t\t\t\t\t<a href=\"#\">\n\n\t\t\t\t\t\t\t\t\t\t\t\t<span class=\"elementor-icon-list-icon\">\n\t\t\t\t\t\t\t<svg aria-hidden=\"true\" class=\"e-font-icon-svg e-fas-caret-up\" viewBox=\"0 0 320 512\" xmlns=\"http:\/\/www.w3.org\/2000\/svg\"><path d=\"M288.662 352H31.338c-17.818 0-26.741-21.543-14.142-34.142l128.662-128.662c7.81-7.81 20.474-7.81 28.284 0l128.662 128.662c12.6 12.599 3.676 34.142-14.142 34.142z\"><\/path><\/svg>\t\t\t\t\t\t<\/span>\n\t\t\t\t\t\t\t\t\t\t<span class=\"elementor-icon-list-text\">Subir | Top<\/span>\n\t\t\t\t\t\t\t\t\t\t\t<\/a>\n\t\t\t\t\t\t\t\t\t<\/li>\n\t\t\t\t\t\t<\/ul>\n\t\t\t\t\t\t<\/div>\n\t\t\t\t\t<\/div>\n\t\t<\/div>\n\t\t\t\t\t<\/div>\n\t\t<\/section>\n\t\t\t\t\t<\/div>\n\t\t<\/div>\n\t\t\t\t\t<\/div>\n\t\t<\/section>\n\t\t\t\t<\/div>\n\t\t","protected":false},"excerpt":{"rendered":"<p>MEN\u00da HAMAM 12 a 23 hs. Entradas Caesar salad: lechuga, panceta, pollo, queso parmesano, croutones,alcaparras, aderezo caesar Ensalada verde: verdes de estaci\u00f3n, vinagreta de semillas de calabaza y s\u00e9samo, mostaza y miel, queso azul, peras, l\u00e1minas de vegetales (opci\u00f3n vegana) Empanadas de carne mendocina o 3 quesos y cebolla, acompa\u00f1adas de salsa llajua (2 unidades) [&hellip;]<\/p>\n","protected":false},"author":10,"featured_media":0,"parent":0,"menu_order":0,"comment_status":"closed","ping_status":"closed","template":"elementor_header_footer","meta":{"footnotes":""},"class_list":["post-18692","page","type-page","status-publish","hentry"],"yoast_head":"<!-- This site is optimized with the Yoast SEO plugin v27.4 - https:\/\/yoast.com\/product\/yoast-seo-wordpress\/ -->\n<title>09 NEW - ES - Restaurant - Men\u00fa Hamam - Entre Cielos<\/title>\n<meta name=\"robots\" content=\"noindex, follow, max-snippet:-1, max-image-preview:large, max-video-preview:-1\" \/>\n<meta property=\"og:locale\" content=\"es_ES\" \/>\n<meta property=\"og:type\" content=\"article\" \/>\n<meta property=\"og:title\" content=\"09 NEW - ES - Restaurant - Men\u00fa Hamam - Entre Cielos\" \/>\n<meta property=\"og:description\" content=\"MEN\u00da HAMAM 12 a 23 hs. Entradas Caesar salad: lechuga, panceta, pollo, queso parmesano, croutones,alcaparras, aderezo caesar Ensalada verde: verdes de estaci\u00f3n, vinagreta de semillas de calabaza y s\u00e9samo, mostaza y miel, queso azul, peras, l\u00e1minas de vegetales (opci\u00f3n vegana) Empanadas de carne mendocina o 3 quesos y cebolla, acompa\u00f1adas de salsa llajua (2 unidades) [&hellip;]\" \/>\n<meta property=\"og:url\" content=\"https:\/\/entrecielos.com.ar\/qr\/09-new-es-restaurant-menu-hamam\/\" \/>\n<meta property=\"og:site_name\" content=\"Entre Cielos\" \/>\n<meta property=\"article:modified_time\" content=\"2026-04-12T23:48:41+00:00\" \/>\n<meta name=\"twitter:card\" content=\"summary_large_image\" \/>\n<meta name=\"twitter:label1\" content=\"Tiempo de lectura\" \/>\n\t<meta name=\"twitter:data1\" content=\"2 minutos\" \/>\n<script type=\"application\/ld+json\" class=\"yoast-schema-graph\">{\"@context\":\"https:\\\/\\\/schema.org\",\"@graph\":[{\"@type\":\"WebPage\",\"@id\":\"https:\\\/\\\/entrecielos.com.ar\\\/qr\\\/09-new-es-restaurant-menu-hamam\\\/\",\"url\":\"https:\\\/\\\/entrecielos.com.ar\\\/qr\\\/09-new-es-restaurant-menu-hamam\\\/\",\"name\":\"09 NEW - ES - Restaurant - Men\u00fa Hamam - Entre Cielos\",\"isPartOf\":{\"@id\":\"https:\\\/\\\/entrecielos.com.ar\\\/qr\\\/#website\"},\"datePublished\":\"2023-03-21T13:31:17+00:00\",\"dateModified\":\"2026-04-12T23:48:41+00:00\",\"inLanguage\":\"es\",\"potentialAction\":[{\"@type\":\"ReadAction\",\"target\":[\"https:\\\/\\\/entrecielos.com.ar\\\/qr\\\/09-new-es-restaurant-menu-hamam\\\/\"]}]},{\"@type\":\"WebSite\",\"@id\":\"https:\\\/\\\/entrecielos.com.ar\\\/qr\\\/#website\",\"url\":\"https:\\\/\\\/entrecielos.com.ar\\\/qr\\\/\",\"name\":\"Entre Cielos\",\"description\":\"Wine &amp; Wellness Hotel\",\"publisher\":{\"@id\":\"https:\\\/\\\/entrecielos.com.ar\\\/qr\\\/#organization\"},\"potentialAction\":[{\"@type\":\"SearchAction\",\"target\":{\"@type\":\"EntryPoint\",\"urlTemplate\":\"https:\\\/\\\/entrecielos.com.ar\\\/qr\\\/?s={search_term_string}\"},\"query-input\":{\"@type\":\"PropertyValueSpecification\",\"valueRequired\":true,\"valueName\":\"search_term_string\"}}],\"inLanguage\":\"es\"},{\"@type\":\"Organization\",\"@id\":\"https:\\\/\\\/entrecielos.com.ar\\\/qr\\\/#organization\",\"name\":\"Entre Cielos\",\"url\":\"https:\\\/\\\/entrecielos.com.ar\\\/qr\\\/\",\"logo\":{\"@type\":\"ImageObject\",\"inLanguage\":\"es\",\"@id\":\"https:\\\/\\\/entrecielos.com.ar\\\/qr\\\/#\\\/schema\\\/logo\\\/image\\\/\",\"url\":\"https:\\\/\\\/entrecielos.com.ar\\\/qr\\\/wp-content\\\/uploads\\\/2021\\\/07\\\/LOGOS_Mesa-de-trabajo-1-32.png\",\"contentUrl\":\"https:\\\/\\\/entrecielos.com.ar\\\/qr\\\/wp-content\\\/uploads\\\/2021\\\/07\\\/LOGOS_Mesa-de-trabajo-1-32.png\",\"width\":579,\"height\":579,\"caption\":\"Entre Cielos\"},\"image\":{\"@id\":\"https:\\\/\\\/entrecielos.com.ar\\\/qr\\\/#\\\/schema\\\/logo\\\/image\\\/\"}}]}<\/script>\n<!-- \/ Yoast SEO plugin. -->","yoast_head_json":{"title":"09 NEW - ES - Restaurant - Men\u00fa Hamam - Entre Cielos","robots":{"index":"noindex","follow":"follow","max-snippet":"max-snippet:-1","max-image-preview":"max-image-preview:large","max-video-preview":"max-video-preview:-1"},"og_locale":"es_ES","og_type":"article","og_title":"09 NEW - ES - Restaurant - Men\u00fa Hamam - Entre Cielos","og_description":"MEN\u00da HAMAM 12 a 23 hs. Entradas Caesar salad: lechuga, panceta, pollo, queso parmesano, croutones,alcaparras, aderezo caesar Ensalada verde: verdes de estaci\u00f3n, vinagreta de semillas de calabaza y s\u00e9samo, mostaza y miel, queso azul, peras, l\u00e1minas de vegetales (opci\u00f3n vegana) Empanadas de carne mendocina o 3 quesos y cebolla, acompa\u00f1adas de salsa llajua (2 unidades) [&hellip;]","og_url":"https:\/\/entrecielos.com.ar\/qr\/09-new-es-restaurant-menu-hamam\/","og_site_name":"Entre Cielos","article_modified_time":"2026-04-12T23:48:41+00:00","twitter_card":"summary_large_image","twitter_misc":{"Tiempo de lectura":"2 minutos"},"schema":{"@context":"https:\/\/schema.org","@graph":[{"@type":"WebPage","@id":"https:\/\/entrecielos.com.ar\/qr\/09-new-es-restaurant-menu-hamam\/","url":"https:\/\/entrecielos.com.ar\/qr\/09-new-es-restaurant-menu-hamam\/","name":"09 NEW - ES - Restaurant - Men\u00fa Hamam - Entre Cielos","isPartOf":{"@id":"https:\/\/entrecielos.com.ar\/qr\/#website"},"datePublished":"2023-03-21T13:31:17+00:00","dateModified":"2026-04-12T23:48:41+00:00","inLanguage":"es","potentialAction":[{"@type":"ReadAction","target":["https:\/\/entrecielos.com.ar\/qr\/09-new-es-restaurant-menu-hamam\/"]}]},{"@type":"WebSite","@id":"https:\/\/entrecielos.com.ar\/qr\/#website","url":"https:\/\/entrecielos.com.ar\/qr\/","name":"Entre Cielos","description":"Wine &amp; Wellness Hotel","publisher":{"@id":"https:\/\/entrecielos.com.ar\/qr\/#organization"},"potentialAction":[{"@type":"SearchAction","target":{"@type":"EntryPoint","urlTemplate":"https:\/\/entrecielos.com.ar\/qr\/?s={search_term_string}"},"query-input":{"@type":"PropertyValueSpecification","valueRequired":true,"valueName":"search_term_string"}}],"inLanguage":"es"},{"@type":"Organization","@id":"https:\/\/entrecielos.com.ar\/qr\/#organization","name":"Entre Cielos","url":"https:\/\/entrecielos.com.ar\/qr\/","logo":{"@type":"ImageObject","inLanguage":"es","@id":"https:\/\/entrecielos.com.ar\/qr\/#\/schema\/logo\/image\/","url":"https:\/\/entrecielos.com.ar\/qr\/wp-content\/uploads\/2021\/07\/LOGOS_Mesa-de-trabajo-1-32.png","contentUrl":"https:\/\/entrecielos.com.ar\/qr\/wp-content\/uploads\/2021\/07\/LOGOS_Mesa-de-trabajo-1-32.png","width":579,"height":579,"caption":"Entre Cielos"},"image":{"@id":"https:\/\/entrecielos.com.ar\/qr\/#\/schema\/logo\/image\/"}}]}},"_links":{"self":[{"href":"https:\/\/entrecielos.com.ar\/qr\/wp-json\/wp\/v2\/pages\/18692","targetHints":{"allow":["GET"]}}],"collection":[{"href":"https:\/\/entrecielos.com.ar\/qr\/wp-json\/wp\/v2\/pages"}],"about":[{"href":"https:\/\/entrecielos.com.ar\/qr\/wp-json\/wp\/v2\/types\/page"}],"author":[{"embeddable":true,"href":"https:\/\/entrecielos.com.ar\/qr\/wp-json\/wp\/v2\/users\/10"}],"replies":[{"embeddable":true,"href":"https:\/\/entrecielos.com.ar\/qr\/wp-json\/wp\/v2\/comments?post=18692"}],"version-history":[{"count":232,"href":"https:\/\/entrecielos.com.ar\/qr\/wp-json\/wp\/v2\/pages\/18692\/revisions"}],"predecessor-version":[{"id":34992,"href":"https:\/\/entrecielos.com.ar\/qr\/wp-json\/wp\/v2\/pages\/18692\/revisions\/34992"}],"wp:attachment":[{"href":"https:\/\/entrecielos.com.ar\/qr\/wp-json\/wp\/v2\/media?parent=18692"}],"curies":[{"name":"wp","href":"https:\/\/api.w.org\/{rel}","templated":true}]}}